{"id":10748,"date":"2023-01-10T16:42:30","date_gmt":"2023-01-10T15:42:30","guid":{"rendered":"https:\/\/www.chaabatour.com\/navette-aeroport\/"},"modified":"2024-05-16T10:19:22","modified_gmt":"2024-05-16T09:19:22","slug":"navette-aeroport","status":"publish","type":"page","link":"https:\/\/www.chaabatour.com\/fr\/navette-aeroport\/","title":{"rendered":"Navette a\u00e9roport"},"content":{"rendered":"\n<div class=\"wp-block-stackable-columns stk-block-columns stk-block stk-1c6fb34 stk-block-background\" data-block-id=\"1c6fb34\"><style>.stk-1c6fb34{background-color:var(--theme-palette-color-2,#231f20) !important;margin-bottom:0px !important}.stk-1c6fb34:before{background-color:var(--theme-palette-color-2,#231f20) !important}<\/style><div class=\"stk-row stk-inner-blocks stk-block-content stk-content-align stk-1c6fb34-column\">\n<div class=\"wp-block-stackable-column stk-block-column stk-block-column--v2 stk-column stk-block stk-c44dfc6\" data-block-id=\"c44dfc6\"><div class=\"stk-column-wrapper stk-block-column__content stk-container stk-c44dfc6-container stk--no-background stk--no-padding\"><div class=\"stk-block-content stk-inner-blocks stk-c44dfc6-inner-blocks\">\n<h2 class=\"has-text-align-center has-palette-color-8-color has-text-color wp-block-heading\" id=\"contact\">Navette a\u00e9roport<\/h2>\n<\/div><\/div><\/div>\n<\/div><\/div>\n\n<div class=\"wp-block-stackable-columns stk-block-columns stk-block stk-5ec8d75 stk-block-background\" data-block-id=\"5ec8d75\"><style>.stk-5ec8d75{background-color:var(--theme-palette-color-7,#fafafa) !important;box-shadow:0px 10px 30px rgba(0,0,0,0.05) !important;margin-bottom:0px !important}.stk-5ec8d75:before{background-color:var(--theme-palette-color-7,#fafafa) !important}<\/style><div class=\"stk-row stk-inner-blocks stk-block-content stk-content-align stk-5ec8d75-column\">\n<div class=\"wp-block-stackable-column stk-block-column stk-block-column--v2 stk-column stk-block stk-fcbd8cc\" data-block-id=\"fcbd8cc\"><style>.stk-fcbd8cc{align-items:flex-start !important;display:flex !important}<\/style><div class=\"stk-column-wrapper stk-block-column__content stk-container stk-fcbd8cc-container stk--no-background stk--no-padding\"><div class=\"stk-block-content stk-inner-blocks stk-fcbd8cc-inner-blocks\">\n<p>Vous conduire de diff\u00e9rents terminaux d&rsquo;a\u00e9roports au Maroc vers n&rsquo;importe quelle destination est \u00e9galement notre force. Faites vos r\u00e9servations en quelques secondes ou appelez-nous sur Whatsapp. Notre chauffeur vous attendra avec votre nom sur un tableau. Vous n&rsquo;avez qu&rsquo;\u00e0 vous asseoir, vous d\u00e9tendre et profiter d&rsquo;un voyage s\u00fbr et confortable dans une flotte de v\u00e9hicules super propres et bien entretenus.<\/p>\n\n\n\n<div class=\"wp-block-uagb-slider uagb-block-e18fd3c6 uagb-slider-container\"><div class=\"uagb-slides uagb-swiper\"><div class=\"swiper-wrapper\">\n<div class=\"uagb-slider-child-wrap swiper-slide uagb-block-6fdb5ac4-286c-43c3-a7d5-464083a365ea\"><div class=\"swiper-content\">\n<div class=\"wp-block-uagb-container uagb-block-91417ea4 alignwide uagb-is-root-container\">\n<div class=\"wp-block-uagb-info-box uagb-block-828946d1 uagb-infobox__content-wrap  uagb-infobox-icon-below-title uagb-infobox-image-valign-top\"><div class=\"uagb-ifb-content\"><div class=\"uagb-ifb-title-wrap\"><\/div><div class=\"uagb-ifb-image-content\"><img decoding=\"async\" src=\"https:\/\/www.chaabatour.com\/wp-content\/uploads\/2022\/12\/airport-shuttle-01.jpg\" alt=\"Chaaba Tour\" width=\"\" height=\"0\" loading=\"lazy\"\/><\/div><div class=\"uagb-ifb-button-wrapper wp-block-button\"><a href=\"https:\/\/www.chaabatour.com\/fr\/#booking\" class=\"uagb-infobox-cta-link wp-block-button__link\" target=\"_self\" rel=\"noopener noreferrer\" alt=\"\"><span class=\"uagb-inline-editing\">R\u00e9servez maintenant <\/span><\/a><\/div><\/div><\/div>\n<\/div>\n<\/div><\/div>\n\n\n\n<div class=\"uagb-slider-child-wrap swiper-slide uagb-block-99d3af68-4bb1-44ef-9926-fbd15a2e5887\"><div class=\"swiper-content\">\n<div class=\"wp-block-uagb-container uagb-block-2c6ca88b alignwide uagb-is-root-container\">\n<div class=\"wp-block-uagb-info-box uagb-block-8bed1380 uagb-infobox__content-wrap  uagb-infobox-icon-below-title uagb-infobox-image-valign-top\"><div class=\"uagb-ifb-content\"><div class=\"uagb-ifb-title-wrap\"><\/div><div class=\"uagb-ifb-image-content\"><img decoding=\"async\" src=\"https:\/\/www.chaabatour.com\/wp-content\/uploads\/2022\/12\/airport-shuttle-02.jpg\" alt=\"Chaaba Tour\" width=\"\" height=\"0\" loading=\"lazy\"\/><\/div><div class=\"uagb-ifb-button-wrapper wp-block-button\"><a href=\"https:\/\/www.chaabatour.com\/fr\/#booking\" class=\"uagb-infobox-cta-link wp-block-button__link\" target=\"_self\" rel=\"noopener noreferrer\" alt=\"\"><span class=\"uagb-inline-editing\">R\u00e9servez maintenant <\/span><\/a><\/div><\/div><\/div>\n<\/div>\n<\/div><\/div>\n<\/div><\/div><\/div>\n<\/div><\/div><\/div>\n<\/div><\/div>\n\n<div class=\"wp-block-stackable-spacer stk-block-spacer stk--no-padding stk-block stk-0c81839\" data-block-id=\"0c81839\"><style>.stk-0c81839{height:30px !important}<\/style><\/div>\n","protected":false},"excerpt":{"rendered":"<p>Navette a\u00e9roport Vous conduire de diff\u00e9rents terminaux d&rsquo;a\u00e9roports au Maroc vers n&rsquo;importe quelle destination est \u00e9galement notre force. Faites vos r\u00e9servations en quelques secondes ou appelez-nous sur Whatsapp. Notre chauffeur vous attendra avec votre nom sur un tableau. Vous n&rsquo;avez qu&rsquo;\u00e0 vous asseoir, vous d\u00e9tendre et profiter d&rsquo;un voyage s\u00fbr et confortable dans une flotte [&hellip;]<\/p>\n","protected":false},"author":1,"featured_media":0,"parent":0,"menu_order":0,"comment_status":"closed","ping_status":"closed","template":"","meta":{"_uag_custom_page_level_css":"","_exactmetrics_skip_tracking":false,"_exactmetrics_sitenote_active":false,"_exactmetrics_sitenote_note":"","_exactmetrics_sitenote_category":0,"_joinchat":[],"footnotes":""},"class_list":["post-10748","page","type-page","status-publish","hentry"],"blocksy_meta":{"styles_descriptor":{"styles":{"desktop":"[data-prefix=\"single_page\"] .entry-header .page-title {--theme-font-size:30px;} [data-prefix=\"single_page\"] .entry-header .entry-meta {--theme-font-weight:600;--theme-text-transform:uppercase;--theme-font-size:12px;--theme-line-height:1.3;} [data-prefix=\"single_page\"] .hero-section[data-type=\"type-1\"] {--margin-bottom:40;}","tablet":"","mobile":""},"google_fonts":[],"version":6},"page_title_panel":"","has_hero_section":"enabled","efd83fef50d85dd4ea0c29f75bb2b599":"","hero_section":"type-1","hero_elements":[{"id":"custom_title","enabled":false,"heading_tag":"h1","title":"Home","__id":"iRvGXsmRqo6wVU4czJF7X"},{"id":"custom_description","enabled":true,"description_visibility":{"desktop":true,"tablet":true,"mobile":false},"__id":"s0DRMEmHAUUv-ORybL_Oj"},{"id":"custom_meta","enabled":false,"meta_elements":[{"id":"author","enabled":true,"label":"By","has_author_avatar":"yes","avatar_size":25},{"id":"post_date","enabled":true,"label":"On","date_format_source":"default","date_format":"M j, Y"},{"id":"updated_date","enabled":false,"label":"On","date_format_source":"default","date_format":"M j, Y"},{"id":"categories","enabled":false,"label":"In","style":"simple"},{"id":"comments","enabled":true}],"page_meta_elements":{"joined":true,"articles_count":true,"comments":true},"__id":"p0WpRT_8diUUVvnbaiQq0"},{"id":"breadcrumbs","enabled":true,"__id":"BArSwnHE952JrWyKQa8BY"}],"3389867a866a6357ff6fc6922498b203":"","hero_alignment1":"CT_CSS_SKIP_RULE","hero_margin":40,"hero_alignment2":"center","hero_vertical_alignment":"center","040698b4e0b7bed4d5d32320f074a08d":"","hero_structure":"narrow","67b8f8ac073169abdacbe03bb745753c":"","page_title_bg_type":"featured_image","custom_hero_background":{"attachment_id":null},"page_title_image_size":"full","parallax":{"desktop":false,"tablet":false,"mobile":false},"0ed4f3f891d0fc04342a28606f88bfd5":"","hero_height":"250px","pageTitleFont":{"family":"Default","variation":"Default","size":"30px","line-height":"CT_CSS_SKIP_RULE","letter-spacing":"CT_CSS_SKIP_RULE","text-transform":"CT_CSS_SKIP_RULE","text-decoration":"CT_CSS_SKIP_RULE"},"pageTitleFontColor":{"default":{"color":"CT_CSS_SKIP_RULEDEFAULT"}},"pageMetaFont":{"family":"Default","variation":"n6","size":"12px","line-height":"1.3","letter-spacing":"CT_CSS_SKIP_RULE","text-transform":"uppercase","text-decoration":"CT_CSS_SKIP_RULE"},"pageMetaFontColor":{"default":{"color":"CT_CSS_SKIP_RULEDEFAULT"},"hover":{"color":"CT_CSS_SKIP_RULEDEFAULT"}},"page_meta_button_type_font_colors":{"default":{"color":"CT_CSS_SKIP_RULEDEFAULT"},"hover":{"color":"CT_CSS_SKIP_RULEDEFAULT"}},"page_meta_button_type_background_colors":{"default":{"color":"CT_CSS_SKIP_RULEDEFAULT"},"hover":{"color":"CT_CSS_SKIP_RULEDEFAULT"}},"pageExcerptFont":{"family":"Default","variation":"Default","size":"CT_CSS_SKIP_RULE","line-height":"CT_CSS_SKIP_RULE","letter-spacing":"CT_CSS_SKIP_RULE","text-transform":"CT_CSS_SKIP_RULE","text-decoration":"CT_CSS_SKIP_RULE"},"pageExcerptColor":{"default":{"color":"CT_CSS_SKIP_RULEDEFAULT"}},"breadcrumbsFont":{"family":"Default","variation":"Default","size":"CT_CSS_SKIP_RULE","line-height":"CT_CSS_SKIP_RULE","letter-spacing":"CT_CSS_SKIP_RULE","text-transform":"CT_CSS_SKIP_RULE","text-decoration":"CT_CSS_SKIP_RULE"},"breadcrumbsFontColor":{"default":{"color":"CT_CSS_SKIP_RULEDEFAULT"},"initial":{"color":"CT_CSS_SKIP_RULEDEFAULT"},"hover":{"color":"CT_CSS_SKIP_RULEDEFAULT"}},"pageTitleOverlay":{"background_type":"color","background_pattern":"type-1","background_image":{"attachment_id":null,"x":0,"y":0},"gradient":"linear-gradient(135deg,rgba(6,147,227,1) 0%,rgb(155,81,224) 100%)","background_repeat":"repeat","background_size":"auto","background_attachment":"scroll","patternColor":{"default":{"color":"#e5e7ea"}},"overlayColor":{"default":{"color":"CT_CSS_SKIP_RULE"}},"backgroundColor":{"default":{"color":"CT_CSS_SKIP_RULE"}}},"pageTitleBackground":{"background_type":"color","background_pattern":"type-1","background_image":{"attachment_id":null,"x":0,"y":0},"gradient":"linear-gradient(135deg,rgba(6,147,227,1) 0%,rgb(155,81,224) 100%)","background_repeat":"repeat","background_size":"auto","background_attachment":"scroll","patternColor":{"default":{"color":"#e5e7ea"}},"overlayColor":{"default":{"color":"CT_CSS_SKIP_RULE"}},"backgroundColor":{"default":{"color":"var(--theme-palette-color-6)"}}},"pageTitlePadding":{"top":"50px","bottom":"50px","left":"auto","right":"auto","linked":true},"0cb951f3186e313453e07d73b79bb64f":"","page_structure_type":"default","2b5e61a41826af977372e6b0b02a71f7":"","content_style_source":"inherit","content_style":"wide","vertical_spacing_source":"inherit","content_area_spacing":"both","background":{"background_type":"color","background_pattern":"type-1","background_image":{"attachment_id":null,"x":0,"y":0},"gradient":"linear-gradient(135deg,rgba(6,147,227,1) 0%,rgb(155,81,224) 100%)","background_repeat":"repeat","background_size":"auto","background_attachment":"scroll","patternColor":{"default":{"color":"#e5e7ea"}},"overlayColor":{"default":{"color":"CT_CSS_SKIP_RULE"}},"backgroundColor":{"default":{"color":"CT_CSS_SKIP_RULE"}}},"content_background":{"background_type":"color","background_pattern":"type-1","background_image":{"attachment_id":null,"x":0,"y":0},"gradient":"linear-gradient(135deg,rgba(6,147,227,1) 0%,rgb(155,81,224) 100%)","background_repeat":"repeat","background_size":"auto","background_attachment":"scroll","patternColor":{"default":{"color":"#e5e7ea"}},"overlayColor":{"default":{"color":"CT_CSS_SKIP_RULE"}},"backgroundColor":{"default":{"color":"var(--theme-palette-color-8)"}}},"content_boxed_shadow":{"inherit":false,"blur":18,"spread":-6,"v_offset":12,"h_offset":0,"inset":false,"enable":true,"color":{"color":"rgba(34, 56, 101, 0.04)"}},"content_boxed_border":{"width":1,"style":"none","color":{"color":"rgba(44,62,80,0.2)"}},"content_boxed_radius":{"top":"3px","bottom":"3px","left":"3px","right":"3px","linked":true},"boxed_content_spacing":{"desktop":{"top":"40px","bottom":"40px","left":"40px","right":"40px","linked":true},"tablet":{"top":"35px","bottom":"35px","left":"35px","right":"35px","linked":true},"mobile":{"top":"20px","bottom":"20px","left":"20px","right":"20px","linked":true}},"2578c2d7b4f907c56106a8bba3d89641":"","disable_featured_image":"no","disable_share_box":"no","disable_header":"no","disable_footer":"no"},"yoast_head":"<!-- This site is optimized with the Yoast SEO plugin v27.3 - https:\/\/yoast.com\/product\/yoast-seo-wordpress\/ -->\n<title>Navette a\u00e9roport - Chaaba Tour<\/title>\n<meta name=\"robots\" content=\"index, follow, max-snippet:-1, max-image-preview:large, max-video-preview:-1\" \/>\n<link rel=\"canonical\" href=\"https:\/\/www.chaabatour.com\/fr\/navette-aeroport\/\" \/>\n<meta property=\"og:locale\" content=\"fr_FR\" \/>\n<meta property=\"og:type\" content=\"article\" \/>\n<meta property=\"og:title\" content=\"Navette a\u00e9roport - Chaaba Tour\" \/>\n<meta property=\"og:description\" content=\"Navette a\u00e9roport Vous conduire de diff\u00e9rents terminaux d&rsquo;a\u00e9roports au Maroc vers n&rsquo;importe quelle destination est \u00e9galement notre force. Faites vos r\u00e9servations en quelques secondes ou appelez-nous sur Whatsapp. Notre chauffeur vous attendra avec votre nom sur un tableau. Vous n&rsquo;avez qu&rsquo;\u00e0 vous asseoir, vous d\u00e9tendre et profiter d&rsquo;un voyage s\u00fbr et confortable dans une flotte [&hellip;]\" \/>\n<meta property=\"og:url\" content=\"https:\/\/www.chaabatour.com\/fr\/navette-aeroport\/\" \/>\n<meta property=\"og:site_name\" content=\"Chaaba Tour\" \/>\n<meta property=\"article:publisher\" content=\"https:\/\/www.facebook.com\/Chaaba-Tour-109599473867521\/\" \/>\n<meta property=\"article:modified_time\" content=\"2024-05-16T09:19:22+00:00\" \/>\n<meta property=\"og:image\" content=\"https:\/\/www.chaabatour.com\/wp-content\/uploads\/2022\/12\/airport-shuttle-01.jpg\" \/>\n<meta name=\"twitter:card\" content=\"summary_large_image\" \/>\n<meta name=\"twitter:label1\" content=\"Dur\u00e9e de lecture estim\u00e9e\" \/>\n\t<meta name=\"twitter:data1\" content=\"1 minute\" \/>\n<script type=\"application\/ld+json\" class=\"yoast-schema-graph\">{\"@context\":\"https:\\\/\\\/schema.org\",\"@graph\":[{\"@type\":\"WebPage\",\"@id\":\"https:\\\/\\\/www.chaabatour.com\\\/fr\\\/navette-aeroport\\\/\",\"url\":\"https:\\\/\\\/www.chaabatour.com\\\/fr\\\/navette-aeroport\\\/\",\"name\":\"Navette a\u00e9roport - Chaaba Tour\",\"isPartOf\":{\"@id\":\"https:\\\/\\\/www.chaabatour.com\\\/fr\\\/#website\"},\"primaryImageOfPage\":{\"@id\":\"https:\\\/\\\/www.chaabatour.com\\\/fr\\\/navette-aeroport\\\/#primaryimage\"},\"image\":{\"@id\":\"https:\\\/\\\/www.chaabatour.com\\\/fr\\\/navette-aeroport\\\/#primaryimage\"},\"thumbnailUrl\":\"https:\\\/\\\/www.chaabatour.com\\\/wp-content\\\/uploads\\\/2022\\\/12\\\/airport-shuttle-01.jpg\",\"datePublished\":\"2023-01-10T15:42:30+00:00\",\"dateModified\":\"2024-05-16T09:19:22+00:00\",\"breadcrumb\":{\"@id\":\"https:\\\/\\\/www.chaabatour.com\\\/fr\\\/navette-aeroport\\\/#breadcrumb\"},\"inLanguage\":\"fr-FR\",\"potentialAction\":[{\"@type\":\"ReadAction\",\"target\":[\"https:\\\/\\\/www.chaabatour.com\\\/fr\\\/navette-aeroport\\\/\"]}]},{\"@type\":\"ImageObject\",\"inLanguage\":\"fr-FR\",\"@id\":\"https:\\\/\\\/www.chaabatour.com\\\/fr\\\/navette-aeroport\\\/#primaryimage\",\"url\":\"https:\\\/\\\/www.chaabatour.com\\\/wp-content\\\/uploads\\\/2022\\\/12\\\/airport-shuttle-01.jpg\",\"contentUrl\":\"https:\\\/\\\/www.chaabatour.com\\\/wp-content\\\/uploads\\\/2022\\\/12\\\/airport-shuttle-01.jpg\"},{\"@type\":\"BreadcrumbList\",\"@id\":\"https:\\\/\\\/www.chaabatour.com\\\/fr\\\/navette-aeroport\\\/#breadcrumb\",\"itemListElement\":[{\"@type\":\"ListItem\",\"position\":1,\"name\":\"Home\",\"item\":\"https:\\\/\\\/www.chaabatour.com\\\/fr\\\/\"},{\"@type\":\"ListItem\",\"position\":2,\"name\":\"Navette a\u00e9roport\"}]},{\"@type\":\"WebSite\",\"@id\":\"https:\\\/\\\/www.chaabatour.com\\\/fr\\\/#website\",\"url\":\"https:\\\/\\\/www.chaabatour.com\\\/fr\\\/\",\"name\":\"Chaaba Tour\",\"description\":\"Services de transfert en taxi\",\"publisher\":{\"@id\":\"https:\\\/\\\/www.chaabatour.com\\\/fr\\\/#organization\"},\"potentialAction\":[{\"@type\":\"SearchAction\",\"target\":{\"@type\":\"EntryPoint\",\"urlTemplate\":\"https:\\\/\\\/www.chaabatour.com\\\/fr\\\/?s={search_term_string}\"},\"query-input\":{\"@type\":\"PropertyValueSpecification\",\"valueRequired\":true,\"valueName\":\"search_term_string\"}}],\"inLanguage\":\"fr-FR\"},{\"@type\":\"Organization\",\"@id\":\"https:\\\/\\\/www.chaabatour.com\\\/fr\\\/#organization\",\"name\":\"Chaaba Tour\",\"url\":\"https:\\\/\\\/www.chaabatour.com\\\/fr\\\/\",\"logo\":{\"@type\":\"ImageObject\",\"inLanguage\":\"fr-FR\",\"@id\":\"https:\\\/\\\/www.chaabatour.com\\\/fr\\\/#\\\/schema\\\/logo\\\/image\\\/\",\"url\":\"\",\"contentUrl\":\"\",\"caption\":\"Chaaba Tour\"},\"image\":{\"@id\":\"https:\\\/\\\/www.chaabatour.com\\\/fr\\\/#\\\/schema\\\/logo\\\/image\\\/\"},\"sameAs\":[\"https:\\\/\\\/www.facebook.com\\\/Chaaba-Tour-109599473867521\\\/\",\"https:\\\/\\\/www.instagram.com\\\/chaabatour\\\/\"]}]}<\/script>\n<!-- \/ Yoast SEO plugin. -->","yoast_head_json":{"title":"Navette a\u00e9roport - Chaaba Tour","robots":{"index":"index","follow":"follow","max-snippet":"max-snippet:-1","max-image-preview":"max-image-preview:large","max-video-preview":"max-video-preview:-1"},"canonical":"https:\/\/www.chaabatour.com\/fr\/navette-aeroport\/","og_locale":"fr_FR","og_type":"article","og_title":"Navette a\u00e9roport - Chaaba Tour","og_description":"Navette a\u00e9roport Vous conduire de diff\u00e9rents terminaux d&rsquo;a\u00e9roports au Maroc vers n&rsquo;importe quelle destination est \u00e9galement notre force. Faites vos r\u00e9servations en quelques secondes ou appelez-nous sur Whatsapp. Notre chauffeur vous attendra avec votre nom sur un tableau. Vous n&rsquo;avez qu&rsquo;\u00e0 vous asseoir, vous d\u00e9tendre et profiter d&rsquo;un voyage s\u00fbr et confortable dans une flotte [&hellip;]","og_url":"https:\/\/www.chaabatour.com\/fr\/navette-aeroport\/","og_site_name":"Chaaba Tour","article_publisher":"https:\/\/www.facebook.com\/Chaaba-Tour-109599473867521\/","article_modified_time":"2024-05-16T09:19:22+00:00","og_image":[{"url":"https:\/\/www.chaabatour.com\/wp-content\/uploads\/2022\/12\/airport-shuttle-01.jpg","type":"","width":"","height":""}],"twitter_card":"summary_large_image","twitter_misc":{"Dur\u00e9e de lecture estim\u00e9e":"1 minute"},"schema":{"@context":"https:\/\/schema.org","@graph":[{"@type":"WebPage","@id":"https:\/\/www.chaabatour.com\/fr\/navette-aeroport\/","url":"https:\/\/www.chaabatour.com\/fr\/navette-aeroport\/","name":"Navette a\u00e9roport - Chaaba Tour","isPartOf":{"@id":"https:\/\/www.chaabatour.com\/fr\/#website"},"primaryImageOfPage":{"@id":"https:\/\/www.chaabatour.com\/fr\/navette-aeroport\/#primaryimage"},"image":{"@id":"https:\/\/www.chaabatour.com\/fr\/navette-aeroport\/#primaryimage"},"thumbnailUrl":"https:\/\/www.chaabatour.com\/wp-content\/uploads\/2022\/12\/airport-shuttle-01.jpg","datePublished":"2023-01-10T15:42:30+00:00","dateModified":"2024-05-16T09:19:22+00:00","breadcrumb":{"@id":"https:\/\/www.chaabatour.com\/fr\/navette-aeroport\/#breadcrumb"},"inLanguage":"fr-FR","potentialAction":[{"@type":"ReadAction","target":["https:\/\/www.chaabatour.com\/fr\/navette-aeroport\/"]}]},{"@type":"ImageObject","inLanguage":"fr-FR","@id":"https:\/\/www.chaabatour.com\/fr\/navette-aeroport\/#primaryimage","url":"https:\/\/www.chaabatour.com\/wp-content\/uploads\/2022\/12\/airport-shuttle-01.jpg","contentUrl":"https:\/\/www.chaabatour.com\/wp-content\/uploads\/2022\/12\/airport-shuttle-01.jpg"},{"@type":"BreadcrumbList","@id":"https:\/\/www.chaabatour.com\/fr\/navette-aeroport\/#breadcrumb","itemListElement":[{"@type":"ListItem","position":1,"name":"Home","item":"https:\/\/www.chaabatour.com\/fr\/"},{"@type":"ListItem","position":2,"name":"Navette a\u00e9roport"}]},{"@type":"WebSite","@id":"https:\/\/www.chaabatour.com\/fr\/#website","url":"https:\/\/www.chaabatour.com\/fr\/","name":"Chaaba Tour","description":"Services de transfert en taxi","publisher":{"@id":"https:\/\/www.chaabatour.com\/fr\/#organization"},"potentialAction":[{"@type":"SearchAction","target":{"@type":"EntryPoint","urlTemplate":"https:\/\/www.chaabatour.com\/fr\/?s={search_term_string}"},"query-input":{"@type":"PropertyValueSpecification","valueRequired":true,"valueName":"search_term_string"}}],"inLanguage":"fr-FR"},{"@type":"Organization","@id":"https:\/\/www.chaabatour.com\/fr\/#organization","name":"Chaaba Tour","url":"https:\/\/www.chaabatour.com\/fr\/","logo":{"@type":"ImageObject","inLanguage":"fr-FR","@id":"https:\/\/www.chaabatour.com\/fr\/#\/schema\/logo\/image\/","url":"","contentUrl":"","caption":"Chaaba Tour"},"image":{"@id":"https:\/\/www.chaabatour.com\/fr\/#\/schema\/logo\/image\/"},"sameAs":["https:\/\/www.facebook.com\/Chaaba-Tour-109599473867521\/","https:\/\/www.instagram.com\/chaabatour\/"]}]}},"uagb_featured_image_src":{"full":false,"thumbnail":false,"medium":false,"medium_large":false,"large":false,"1536x1536":false,"2048x2048":false,"chbs_vehicle":false,"chbs_vehicle_2":false},"uagb_author_info":{"display_name":"admin","author_link":"https:\/\/www.chaabatour.com\/fr\/author\/matthew\/"},"uagb_comment_info":0,"uagb_excerpt":"Navette a\u00e9roport Vous conduire de diff\u00e9rents terminaux d&rsquo;a\u00e9roports au Maroc vers n&rsquo;importe quelle destination est \u00e9galement notre force. Faites vos r\u00e9servations en quelques secondes ou appelez-nous sur Whatsapp. Notre chauffeur vous attendra avec votre nom sur un tableau. Vous n&rsquo;avez qu&rsquo;\u00e0 vous asseoir, vous d\u00e9tendre et profiter d&rsquo;un voyage s\u00fbr et confortable dans une flotte\u2026","_links":{"self":[{"href":"https:\/\/www.chaabatour.com\/fr\/wp-json\/wp\/v2\/pages\/10748","targetHints":{"allow":["GET"]}}],"collection":[{"href":"https:\/\/www.chaabatour.com\/fr\/wp-json\/wp\/v2\/pages"}],"about":[{"href":"https:\/\/www.chaabatour.com\/fr\/wp-json\/wp\/v2\/types\/page"}],"author":[{"embeddable":true,"href":"https:\/\/www.chaabatour.com\/fr\/wp-json\/wp\/v2\/users\/1"}],"replies":[{"embeddable":true,"href":"https:\/\/www.chaabatour.com\/fr\/wp-json\/wp\/v2\/comments?post=10748"}],"version-history":[{"count":0,"href":"https:\/\/www.chaabatour.com\/fr\/wp-json\/wp\/v2\/pages\/10748\/revisions"}],"wp:attachment":[{"href":"https:\/\/www.chaabatour.com\/fr\/wp-json\/wp\/v2\/media?parent=10748"}],"curies":[{"name":"wp","href":"https:\/\/api.w.org\/{rel}","templated":true}]}}